{"id":333,"date":"2024-03-24T15:13:16","date_gmt":"2024-03-24T13:13:16","guid":{"rendered":"https:\/\/sg-dallenwil.ch\/?page_id=333"},"modified":"2024-03-24T19:30:12","modified_gmt":"2024-03-24T17:30:12","slug":"jungschuetzen","status":"publish","type":"page","link":"https:\/\/sg-dallenwil.ch\/?page_id=333","title":{"rendered":"Jungsch\u00fctzen"},"content":{"rendered":"\n<figure data-wp-context=\"{&quot;imageId&quot;:&quot;69ea0bd586103&quot;}\" data-wp-interactive=\"core\/image\" data-wp-key=\"69ea0bd586103\" class=\"wp-block-image size-full wp-lightbox-container\"><img loading=\"lazy\" decoding=\"async\" width=\"600\" height=\"635\" data-wp-class--hide=\"state.isContentHidden\" data-wp-class--show=\"state.isContentVisible\" data-wp-init=\"callbacks.setButtonStyles\" data-wp-on--click=\"actions.showLightbox\" data-wp-on--load=\"callbacks.setButtonStyles\" data-wp-on-window--resize=\"callbacks.setButtonStyles\" src=\"https:\/\/sg-dallenwil.ch\/wp-content\/uploads\/2024\/03\/220430_Hueslenmoos_CUP_Schiessen_IMG_7467_Jano_und_Kimi_Gottwald.jpg\" alt=\"\" class=\"wp-image-335\" srcset=\"https:\/\/sg-dallenwil.ch\/wp-content\/uploads\/2024\/03\/220430_Hueslenmoos_CUP_Schiessen_IMG_7467_Jano_und_Kimi_Gottwald.jpg 600w, https:\/\/sg-dallenwil.ch\/wp-content\/uploads\/2024\/03\/220430_Hueslenmoos_CUP_Schiessen_IMG_7467_Jano_und_Kimi_Gottwald-567x600.jpg 567w\" sizes=\"auto, (max-width: 600px) 100vw, 600px\" \/><button\n\t\t\tclass=\"lightbox-trigger\"\n\t\t\ttype=\"button\"\n\t\t\taria-haspopup=\"dialog\"\n\t\t\taria-label=\"Vergr\u00f6\u00dfern\"\n\t\t\tdata-wp-init=\"callbacks.initTriggerButton\"\n\t\t\tdata-wp-on--click=\"actions.showLightbox\"\n\t\t\tdata-wp-style--right=\"state.imageButtonRight\"\n\t\t\tdata-wp-style--top=\"state.imageButtonTop\"\n\t\t>\n\t\t\t<svg xmlns=\"http:\/\/www.w3.org\/2000\/svg\" width=\"12\" height=\"12\" fill=\"none\" viewBox=\"0 0 12 12\">\n\t\t\t\t<path fill=\"#fff\" d=\"M2 0a2 2 0 0 0-2 2v2h1.5V2a.5.5 0 0 1 .5-.5h2V0H2Zm2 10.5H2a.5.5 0 0 1-.5-.5V8H0v2a2 2 0 0 0 2 2h2v-1.5ZM8 12v-1.5h2a.5.5 0 0 0 .5-.5V8H12v2a2 2 0 0 1-2 2H8Zm2-12a2 2 0 0 1 2 2v2h-1.5V2a.5.5 0 0 0-.5-.5H8V0h2Z\" \/>\n\t\t\t<\/svg>\n\t\t<\/button><\/figure>\n\n\n\n<p>Freude, Herausforderungen, Kollegen &#8211; das findest Du in einem Sch\u00fctzenverein. Hier wirst Du vom ersten Tag an ernst genommen und als Erwachsener behandelt. Nun, das bedeutet dann nat\u00fcrlich auch, dass man auch Pflichten \u00fcbernimmt und sich an Regeln halten muss.  Der Umgang mit der Waffe bedeutet Vertrauen und Verantwortung.<\/p>\n\n\n\n<p>Ob junger Mann, junge Frau, Gymnasiast, Metzgerlehrling, Android oder iPhone, das spielt keine Rolle, wir heissen alle im Alter von 15 bis 20 Jahren willkommen, die Schweizerb\u00fcrger bzw. -b\u00fcrgerin sind. Die Notwendigkeit der Schweizer Staatsb\u00fcrgerschaft ergibt sich aus dem gesetzlichen Rahmen, der die Bedingungen f\u00fcr Jungsch\u00fctzenkurse festlegt.<\/p>\n\n\n\n<p>Im Jungsch\u00fctzenkurs erlernst Du gemeinsam mit anderen Jungsch\u00fctzen die Handhabung der Waffe, wesentliche Sicherheitsgrund- und Verhaltensregeln beim Schiessen und f\u00fcr den Aufenthalt im Sch\u00fctzenhaus. Den Kurs absolvierst Du in Wolfenschiessen in der Schiessanlage <a href=\"https:\/\/www.openstreetmap.org\/?=46.91893%2C8.39700#map=19\/46.91893\/8.39700&#038;layers=N\" data-type=\"link\" data-id=\"https:\/\/www.openstreetmap.org\/?=46.91893%2C8.39700#map=19\/46.91893\/8.39700&#038;layers=N\" target=\"_blank\" rel=\"noreferrer noopener\">Riedboden<\/a> mit Jungsch\u00fctzen\/Jungsch\u00fctzinnen der Sch\u00fctzenvereine Wolfenschiessen, Engelberg und Dallenwil. <\/p>\n\n\n\n<figure data-wp-context=\"{&quot;imageId&quot;:&quot;69ea0bd586a26&quot;}\" data-wp-interactive=\"core\/image\" data-wp-key=\"69ea0bd586a26\" class=\"wp-block-image size-full wp-lightbox-container\"><img loading=\"lazy\" decoding=\"async\" width=\"1024\" height=\"768\" data-wp-class--hide=\"state.isContentHidden\" data-wp-class--show=\"state.isContentVisible\" data-wp-init=\"callbacks.setButtonStyles\" data-wp-on--click=\"actions.showLightbox\" data-wp-on--load=\"callbacks.setButtonStyles\" data-wp-on-window--resize=\"callbacks.setButtonStyles\" src=\"https:\/\/sg-dallenwil.ch\/wp-content\/uploads\/2024\/03\/220430_Hueslenmoos_CUP_Schiessen_IMG_7462_Jungschuetzenleiter_Martin_Odermatt_1024x768.jpg\" alt=\"\" class=\"wp-image-334\" srcset=\"https:\/\/sg-dallenwil.ch\/wp-content\/uploads\/2024\/03\/220430_Hueslenmoos_CUP_Schiessen_IMG_7462_Jungschuetzenleiter_Martin_Odermatt_1024x768.jpg 1024w, https:\/\/sg-dallenwil.ch\/wp-content\/uploads\/2024\/03\/220430_Hueslenmoos_CUP_Schiessen_IMG_7462_Jungschuetzenleiter_Martin_Odermatt_1024x768-600x450.jpg 600w, https:\/\/sg-dallenwil.ch\/wp-content\/uploads\/2024\/03\/220430_Hueslenmoos_CUP_Schiessen_IMG_7462_Jungschuetzenleiter_Martin_Odermatt_1024x768-768x576.jpg 768w\" sizes=\"auto, (max-width: 1024px) 100vw, 1024px\" \/><button\n\t\t\tclass=\"lightbox-trigger\"\n\t\t\ttype=\"button\"\n\t\t\taria-haspopup=\"dialog\"\n\t\t\taria-label=\"Vergr\u00f6\u00dfern\"\n\t\t\tdata-wp-init=\"callbacks.initTriggerButton\"\n\t\t\tdata-wp-on--click=\"actions.showLightbox\"\n\t\t\tdata-wp-style--right=\"state.imageButtonRight\"\n\t\t\tdata-wp-style--top=\"state.imageButtonTop\"\n\t\t>\n\t\t\t<svg xmlns=\"http:\/\/www.w3.org\/2000\/svg\" width=\"12\" height=\"12\" fill=\"none\" viewBox=\"0 0 12 12\">\n\t\t\t\t<path fill=\"#fff\" d=\"M2 0a2 2 0 0 0-2 2v2h1.5V2a.5.5 0 0 1 .5-.5h2V0H2Zm2 10.5H2a.5.5 0 0 1-.5-.5V8H0v2a2 2 0 0 0 2 2h2v-1.5ZM8 12v-1.5h2a.5.5 0 0 0 .5-.5V8H12v2a2 2 0 0 1-2 2H8Zm2-12a2 2 0 0 1 2 2v2h-1.5V2a.5.5 0 0 0-.5-.5H8V0h2Z\" \/>\n\t\t\t<\/svg>\n\t\t<\/button><figcaption class=\"wp-element-caption\">Unser Jungsch\u00fctzenleiter Martin (links mit dem gelb-schwarz-roten T-Shirt)<\/figcaption><\/figure>\n\n\n\n<p>Unser Jungsch\u00fctzenleiter Martin Odermatt ist Dein Betreuer und Ansprechpartner. Nimm mit ihm Kontakt auf. Seine Koordinaten und die des Vorstands findest Du <a href=\"https:\/\/sg-dallenwil.ch\/?page_id=42\">hier<\/a>.<\/p>\n","protected":false},"excerpt":{"rendered":"<p>Freude, Herausforderungen, Kollegen &#8211; das findest Du in einem Sch\u00fctzenverein. Hier wirst Du vom ersten Tag an ernst genommen und als Erwachsener behandelt. Nun, das bedeutet dann nat\u00fcrlich auch, dass man auch Pflichten \u00fcbernimmt und sich an Regeln halten muss. &hellip; <a href=\"https:\/\/sg-dallenwil.ch\/?page_id=333\">Weiterlesen <span class=\"meta-nav\">&rarr;<\/span><\/a><\/p>\n","protected":false},"author":2,"featured_media":0,"parent":0,"menu_order":0,"comment_status":"closed","ping_status":"closed","template":"","meta":{"footnotes":""},"class_list":["post-333","page","type-page","status-publish","hentry"],"_links":{"self":[{"href":"https:\/\/sg-dallenwil.ch\/index.php?rest_route=\/wp\/v2\/pages\/333","targetHints":{"allow":["GET"]}}],"collection":[{"href":"https:\/\/sg-dallenwil.ch\/index.php?rest_route=\/wp\/v2\/pages"}],"about":[{"href":"https:\/\/sg-dallenwil.ch\/index.php?rest_route=\/wp\/v2\/types\/page"}],"author":[{"embeddable":true,"href":"https:\/\/sg-dallenwil.ch\/index.php?rest_route=\/wp\/v2\/users\/2"}],"replies":[{"embeddable":true,"href":"https:\/\/sg-dallenwil.ch\/index.php?rest_route=%2Fwp%2Fv2%2Fcomments&post=333"}],"version-history":[{"count":3,"href":"https:\/\/sg-dallenwil.ch\/index.php?rest_route=\/wp\/v2\/pages\/333\/revisions"}],"predecessor-version":[{"id":341,"href":"https:\/\/sg-dallenwil.ch\/index.php?rest_route=\/wp\/v2\/pages\/333\/revisions\/341"}],"wp:attachment":[{"href":"https:\/\/sg-dallenwil.ch\/index.php?rest_route=%2Fwp%2Fv2%2Fmedia&parent=333"}],"curies":[{"name":"wp","href":"https:\/\/api.w.org\/{rel}","templated":true}]}}